{"id":1556,"date":"2021-09-24T10:42:27","date_gmt":"2021-09-24T08:42:27","guid":{"rendered":"https:\/\/famille-rouvinez.ch\/nos-domaines\/"},"modified":"2024-02-12T10:32:08","modified_gmt":"2024-02-12T09:32:08","slug":"nos-domaines","status":"publish","type":"page","link":"https:\/\/famillerouvinez.com\/de\/nos-domaines\/","title":{"rendered":"Die Dom\u00e4nen"},"content":{"rendered":"<p>[et_pb_section fb_built=&#8220;1&#8243; custom_padding_last_edited=&#8220;on|tablet&#8220; module_class=&#8220;sunsetBanner&#8220; _builder_version=&#8220;4.16&#8243; background_video_mp4=&#8220;https:\/\/famillerouvinez.com\/wp-content\/uploads\/2021\/08\/Rush03.mp4&#8243; background_video_webm=&#8220;https:\/\/famillerouvinez.com\/wp-content\/uploads\/2021\/08\/Rush03.webm&#8220; max_height=&#8220;376px&#8220; custom_margin=&#8220;||||false|false&#8220; custom_padding=&#8220;19vw||19vw||true|false&#8220; custom_padding_tablet=&#8220;40vw||40vw||true|false&#8220; custom_padding_phone=&#8220;&#8220; custom_css_main_element=&#8220;video{||  position: absolute;||  top: 40%;||}&#8220; global_colors_info=&#8220;{}&#8220;][\/et_pb_section][et_pb_section fb_built=&#8220;1&#8243; _builder_version=&#8220;4.16&#8243; _module_preset=&#8220;default&#8220; custom_padding=&#8220;0px||0px||false|false&#8220; global_colors_info=&#8220;{}&#8220;][et_pb_row _builder_version=&#8220;4.16&#8243; _module_preset=&#8220;default&#8220; position_origin_a=&#8220;top_center&#8220; custom_margin=&#8220;||||false|false&#8220; custom_margin_tablet=&#8220;&#8220; custom_margin_phone=&#8220;&#8220; custom_margin_last_edited=&#8220;on|desktop&#8220; custom_padding=&#8220;0px||0px||false|false&#8220; global_colors_info=&#8220;{}&#8220;][et_pb_column type=&#8220;4_4&#8243; _builder_version=&#8220;4.16&#8243; _module_preset=&#8220;default&#8220; global_colors_info=&#8220;{}&#8220;][et_pb_text _builder_version=&#8220;4.16&#8243; _module_preset=&#8220;default&#8220; text_font=&#8220;||||||||&#8220; text_text_color=&#8220;#FFFFFF&#8220; header_2_font=&#8220;helveticaNeueBold|||on|||||&#8220; header_3_font=&#8220;HelveticaNeue|800|||||||&#8220; header_3_text_color=&#8220;#FFFFFF&#8220; background_enable_color=&#8220;off&#8220; positioning=&#8220;absolute&#8220; position_origin_a=&#8220;top_center&#8220; vertical_offset=&#8220;-22vw&#8220; vertical_offset_tablet=&#8220;-45vw&#8220; vertical_offset_phone=&#8220;-56vw&#8220; vertical_offset_last_edited=&#8220;on|phone&#8220; position_origin_a_tablet=&#8220;&#8220; position_origin_a_phone=&#8220;&#8220; position_origin_a_last_edited=&#8220;on|tablet&#8220; position_origin_f_tablet=&#8220;&#8220; position_origin_f_phone=&#8220;&#8220; position_origin_f_last_edited=&#8220;on|tablet&#8220; position_origin_r_tablet=&#8220;&#8220; position_origin_r_phone=&#8220;&#8220; position_origin_r_last_edited=&#8220;on|tablet&#8220; text_orientation=&#8220;center&#8220; width=&#8220;100%&#8220; custom_margin=&#8220;||1px||false|false&#8220; custom_padding=&#8220;5px||5px||true|false&#8220; animation_style=&#8220;slide&#8220; animation_direction=&#8220;top&#8220; animation_duration=&#8220;500ms&#8220; header_2_font_size_phone=&#8220;32px&#8220; header_2_line_height_tablet=&#8220;&#8220; header_2_line_height_phone=&#8220;&#8220; header_2_line_height_last_edited=&#8220;on|phone&#8220; positioning_tablet=&#8220;&#8220; positioning_phone=&#8220;&#8220; positioning_last_edited=&#8220;on|tablet&#8220; global_colors_info=&#8220;{}&#8220;]<\/p>\n<h2>UNSERE DOM\u00c4NEN<\/h2>\n<p>[\/et_pb_text][et_pb_image src=&#8220;https:\/\/famillerouvinez.com\/wp-content\/uploads\/2021\/08\/arrowDown.png&#8220; title_text=&#8220;arrowDown&#8220; url=&#8220;#domaines&#8220; align=&#8220;center&#8220; disabled_on=&#8220;on|on|off&#8220; admin_label=&#8220;fl\u00e8che desktop&#8220; module_id=&#8220;arrowdown&#8220; _builder_version=&#8220;4.16&#8243; _module_preset=&#8220;default&#8220; positioning=&#8220;absolute&#8220; vertical_offset=&#8220;-4vw&#8220; width=&#8220;100%&#8220; global_colors_info=&#8220;{}&#8220;][\/et_pb_image][\/et_pb_column][\/et_pb_row][\/et_pb_section][et_pb_section fb_built=&#8220;1&#8243; disabled_on=&#8220;off|off|off&#8220; module_id=&#8220;domaines&#8220; module_class=&#8220;puce&#8220; _builder_version=&#8220;4.16&#8243; _module_preset=&#8220;default&#8220; custom_padding=&#8220;0px||||false|false&#8220; global_colors_info=&#8220;{}&#8220;][et_pb_row use_custom_gutter=&#8220;on&#8220; custom_padding_last_edited=&#8220;on|phone&#8220; _builder_version=&#8220;4.16&#8243; _module_preset=&#8220;default&#8220; background_enable_image=&#8220;off&#8220; background_size=&#8220;initial&#8220; background_position=&#8220;top_left&#8220; width_tablet=&#8220;&#8220; width_phone=&#8220;100%&#8220; width_last_edited=&#8220;on|phone&#8220; max_width=&#8220;1500px&#8220; custom_margin=&#8220;6px|auto||auto||&#8220; custom_padding=&#8220;||0px||false|false&#8220; custom_padding_tablet=&#8220;&#8220; custom_padding_phone=&#8220;|30px||30px|false|false&#8220; global_colors_info=&#8220;{}&#8220;][et_pb_column type=&#8220;4_4&#8243; _builder_version=&#8220;4.16&#8243; _module_preset=&#8220;default&#8220; background_image=&#8220;https:\/\/famillerouvinez.com\/wp-content\/uploads\/2021\/09\/background-titre-V2.jpg&#8220; global_colors_info=&#8220;{}&#8220;][et_pb_text _builder_version=&#8220;4.16&#8243; _module_preset=&#8220;default&#8220; header_2_font=&#8220;HelveticaNeue|||on|||||&#8220; header_3_font=&#8220;helveticaNeue|800||on|||||&#8220; header_3_text_color=&#8220;#4f4f4f&#8220; header_3_font_size=&#8220;53px&#8220; header_3_letter_spacing=&#8220;7px&#8220; header_3_line_height=&#8220;1.4em&#8220; background_color=&#8220;#ffffff&#8220; custom_margin=&#8220;||-10px|-1.8%|false|false&#8220; custom_margin_tablet=&#8220;&#8220; custom_margin_phone=&#8220;||||false|false&#8220; custom_margin_last_edited=&#8220;on|phone&#8220; custom_padding=&#8220;||||false|false&#8220; mix_blend_mode=&#8220;screen&#8220; header_3_font_size_tablet=&#8220;42px&#8220; header_3_font_size_phone=&#8220;36px&#8220; header_3_font_size_last_edited=&#8220;on|phone&#8220; global_colors_info=&#8220;{}&#8220;]<\/p>\n<h3>terroir und charakter<\/h3>\n<p>[\/et_pb_text][\/et_pb_column][\/et_pb_row][et_pb_row use_custom_gutter=&#8220;on&#8220; custom_padding_last_edited=&#8220;on|phone&#8220; module_class=&#8220;puce&#8220; _builder_version=&#8220;4.16&#8243; _module_preset=&#8220;default&#8220; background_enable_image=&#8220;off&#8220; background_size=&#8220;initial&#8220; background_position=&#8220;top_left&#8220; width_tablet=&#8220;&#8220; width_phone=&#8220;100%&#8220; width_last_edited=&#8220;on|phone&#8220; max_width=&#8220;1500px&#8220; custom_padding=&#8220;30px||||false|false&#8220; custom_padding_tablet=&#8220;&#8220; custom_padding_phone=&#8220;|30px||30px|false|false&#8220; global_colors_info=&#8220;{}&#8220;][et_pb_column type=&#8220;4_4&#8243; _builder_version=&#8220;4.16&#8243; _module_preset=&#8220;default&#8220; global_colors_info=&#8220;{}&#8220;][et_pb_text _builder_version=&#8220;4.16&#8243; _module_preset=&#8220;default&#8220; header_2_font=&#8220;HelveticaNeue|||on|||||&#8220; header_3_font=&#8220;helveticaNeue|900|||||||&#8220; header_3_text_color=&#8220;rgba(33,33,33,0.64)&#8220; header_3_font_size=&#8220;53px&#8220; header_3_letter_spacing=&#8220;7px&#8220; header_3_line_height=&#8220;1.4em&#8220; background_enable_color=&#8220;off&#8220; custom_margin_tablet=&#8220;&#8220; custom_margin_phone=&#8220;||||false|false&#8220; custom_margin_last_edited=&#8220;on|phone&#8220; custom_padding=&#8220;||0px||false|false&#8220; custom_padding_tablet=&#8220;&#8220; custom_padding_phone=&#8220;|||15%|false|false&#8220; custom_padding_last_edited=&#8220;on|tablet&#8220; mix_blend_mode=&#8220;screen&#8220; header_3_font_size_tablet=&#8220;42px&#8220; header_3_font_size_phone=&#8220;36px&#8220; header_3_font_size_last_edited=&#8220;on|phone&#8220; global_colors_info=&#8220;{}&#8220;]<\/p>\n<ul>\n<li>Insgesamt besitzt und kultiviert die Familie Rouvinez mit ihren verschiedenen H\u00e4usern \u00fcber 120 Hektaren der sch\u00f6nsten Weinberge im Wallis. Davon werden 15 Hektaren vollumf\u00e4nglich nach biologischen Richtlinien angebaut. Zudem bewirtschaftet die Familie im Rahmen von langfristigen Kooperationspartnerschaften auch die Weinberge einiger Privateigent\u00fcmer.\n<p>Stetige Innovation ist im Weinberg unerl\u00e4sslich. Die Familie Rouvinez bepflanzt ihre Weinberge systematisch neu, um die perfekte \u00dcbereinstimmung zwischen Rebsorte und Terroir zu erreichen.<\/p>\n<p>Jede neue Parzelle wird zun\u00e4chst genau bodenkundlich untersucht. Dann l\u00e4sst man ihr die sorgf\u00e4ltigste Pflege zukommen, um alles f\u00fcr die beste Qualit\u00e4t der Trauben zu tun. Manchmal bedeutet dies auch, dass man lange Jahre warten muss, bevor die Rebst\u00f6cke ihre volle Reife erreichen. Eine Zeit, die die Familie Rouvinez bereitwillig aufbringt, um perfekte Resultate zu erzielen.<\/p>\n<p>Deshalb hat jedes Weingut seinen eigenen Charakter und seine eigene Geschichte, kurz: sein eigenes Universum. Und diese Eigenschaften finden sich wieder in der Typizit\u00e4t der Weine, die aus ihm hervorgehen.<\/p>\n<p>Unter den herausragenden Weing\u00fctern der Familie befindet sich jenes von Ch\u00e2teau Lichten in Leuk, dessen eindr\u00fcckliche Terrassen sich \u00fcber dem Naturpark Pfyn-Finges erheben. Oder das Gut der Colline de G\u00e9ronde in Sierre, die Weing\u00fcter von Montibeux, Ravanay und Ard\u00e9vaz, die an den besten Lagen zwischen Leytron und Chamoson liegen. Auch in der Umgebung von Sion verf\u00fcgt die Familie Rouvinez \u00fcber einige kostbare Kleinode, wie die G\u00fcter Clos du Ch\u00e2teau und Br\u00fblefer von Bonvin. 2013 ist ein neues Schmuckst\u00fcck hinzugekommen: das Weingut von Diolly.<\/li>\n<\/ul>\n<p>[\/et_pb_text][\/et_pb_column][\/et_pb_row][\/et_pb_section]<\/p>\n","protected":false},"excerpt":{"rendered":"<p>UNSERE DOM\u00c4NENterroir und charakter Insgesamt besitzt und kultiviert die Familie Rouvinez mit ihren verschiedenen H\u00e4usern \u00fcber 120 Hektaren der sch\u00f6nsten Weinberge im Wallis. Davon werden 15 Hektaren vollumf\u00e4nglich nach biologischen Richtlinien angebaut. Zudem bewirtschaftet die Familie im Rahmen von langfristigen Kooperationspartnerschaften auch die Weinberge einiger Privateigent\u00fcmer. Stetige Innovation ist im Weinberg unerl\u00e4sslich. Die Familie Rouvinez [&hellip;]<\/p>\n","protected":false},"author":3,"featured_media":0,"parent":0,"menu_order":0,"comment_status":"closed","ping_status":"closed","template":"","meta":{"_et_pb_use_builder":"on","_et_pb_old_content":"","_et_gb_content_width":"","inline_featured_image":false,"_monsterinsights_skip_tracking":false,"_monsterinsights_sitenote_active":false,"_monsterinsights_sitenote_note":"","_monsterinsights_sitenote_category":0,"_uf_show_specific_survey":0,"_uf_disable_surveys":false,"footnotes":""},"class_list":["post-1556","page","type-page","status-publish","hentry"],"yoast_head":"<!-- This site is optimized with the Yoast SEO plugin v27.3 - https:\/\/yoast.com\/product\/yoast-seo-wordpress\/ -->\n<title>Die Dom\u00e4nen - Famille Rouvinez<\/title>\n<meta name=\"description\" content=\"Insgesamt besitzt und kultiviert die Familie Rouvinez mit ihren verschiedenen H\u00e4usern \u00fcber 120 Hektaren der sch\u00f6nsten Weinberge im Wallis.\" \/>\n<meta name=\"robots\" content=\"index, follow, max-snippet:-1, max-image-preview:large, max-video-preview:-1\" \/>\n<link rel=\"canonical\" href=\"https:\/\/famillerouvinez.com\/de\/nos-domaines\/\" \/>\n<meta property=\"og:locale\" content=\"de_DE\" \/>\n<meta property=\"og:type\" content=\"article\" \/>\n<meta property=\"og:title\" content=\"Die Dom\u00e4nen - Famille Rouvinez\" \/>\n<meta property=\"og:description\" content=\"Insgesamt besitzt und kultiviert die Familie Rouvinez mit ihren verschiedenen H\u00e4usern \u00fcber 120 Hektaren der sch\u00f6nsten Weinberge im Wallis.\" \/>\n<meta property=\"og:url\" content=\"https:\/\/famillerouvinez.com\/de\/nos-domaines\/\" \/>\n<meta property=\"og:site_name\" content=\"Famille Rouvinez\" \/>\n<meta property=\"article:publisher\" content=\"https:\/\/www.facebook.com\/LaFamilleRouvinez\" \/>\n<meta property=\"article:modified_time\" content=\"2024-02-12T09:32:08+00:00\" \/>\n<meta name=\"twitter:card\" content=\"summary_large_image\" \/>\n<meta name=\"twitter:label1\" content=\"Gesch\u00e4tzte Lesezeit\" \/>\n\t<meta name=\"twitter:data1\" content=\"5\u00a0Minuten\" \/>\n<script type=\"application\/ld+json\" class=\"yoast-schema-graph\">{\"@context\":\"https:\\\/\\\/schema.org\",\"@graph\":[{\"@type\":\"WebPage\",\"@id\":\"https:\\\/\\\/famillerouvinez.com\\\/de\\\/nos-domaines\\\/\",\"url\":\"https:\\\/\\\/famillerouvinez.com\\\/de\\\/nos-domaines\\\/\",\"name\":\"Die Dom\u00e4nen - Famille Rouvinez\",\"isPartOf\":{\"@id\":\"https:\\\/\\\/famillerouvinez.com\\\/de\\\/#website\"},\"datePublished\":\"2021-09-24T08:42:27+00:00\",\"dateModified\":\"2024-02-12T09:32:08+00:00\",\"description\":\"Insgesamt besitzt und kultiviert die Familie Rouvinez mit ihren verschiedenen H\u00e4usern \u00fcber 120 Hektaren der sch\u00f6nsten Weinberge im Wallis.\",\"breadcrumb\":{\"@id\":\"https:\\\/\\\/famillerouvinez.com\\\/de\\\/nos-domaines\\\/#breadcrumb\"},\"inLanguage\":\"de\",\"potentialAction\":[{\"@type\":\"ReadAction\",\"target\":[\"https:\\\/\\\/famillerouvinez.com\\\/de\\\/nos-domaines\\\/\"]}]},{\"@type\":\"BreadcrumbList\",\"@id\":\"https:\\\/\\\/famillerouvinez.com\\\/de\\\/nos-domaines\\\/#breadcrumb\",\"itemListElement\":[{\"@type\":\"ListItem\",\"position\":1,\"name\":\"Accueil\",\"item\":\"https:\\\/\\\/famillerouvinez.com\\\/de\\\/\"},{\"@type\":\"ListItem\",\"position\":2,\"name\":\"Die Dom\u00e4nen\"}]},{\"@type\":\"WebSite\",\"@id\":\"https:\\\/\\\/famillerouvinez.com\\\/de\\\/#website\",\"url\":\"https:\\\/\\\/famillerouvinez.com\\\/de\\\/\",\"name\":\"Famille Rouvinez\",\"description\":\"Maisons et vignobles valaisans d&#039;exception\",\"publisher\":{\"@id\":\"https:\\\/\\\/famillerouvinez.com\\\/de\\\/#organization\"},\"potentialAction\":[{\"@type\":\"SearchAction\",\"target\":{\"@type\":\"EntryPoint\",\"urlTemplate\":\"https:\\\/\\\/famillerouvinez.com\\\/de\\\/?s={search_term_string}\"},\"query-input\":{\"@type\":\"PropertyValueSpecification\",\"valueRequired\":true,\"valueName\":\"search_term_string\"}}],\"inLanguage\":\"de\"},{\"@type\":\"Organization\",\"@id\":\"https:\\\/\\\/famillerouvinez.com\\\/de\\\/#organization\",\"name\":\"Famille Rouvinez\",\"url\":\"https:\\\/\\\/famillerouvinez.com\\\/de\\\/\",\"logo\":{\"@type\":\"ImageObject\",\"inLanguage\":\"de\",\"@id\":\"https:\\\/\\\/famillerouvinez.com\\\/de\\\/#\\\/schema\\\/logo\\\/image\\\/\",\"url\":\"https:\\\/\\\/famillerouvinez.com\\\/wp-content\\\/uploads\\\/2021\\\/07\\\/famille-rouvinez-logo.svg\",\"contentUrl\":\"https:\\\/\\\/famillerouvinez.com\\\/wp-content\\\/uploads\\\/2021\\\/07\\\/famille-rouvinez-logo.svg\",\"width\":300,\"height\":100,\"caption\":\"Famille Rouvinez\"},\"image\":{\"@id\":\"https:\\\/\\\/famillerouvinez.com\\\/de\\\/#\\\/schema\\\/logo\\\/image\\\/\"},\"sameAs\":[\"https:\\\/\\\/www.facebook.com\\\/LaFamilleRouvinez\",\"https:\\\/\\\/www.instagram.com\\\/famille.rouvinez\\\/\",\"https:\\\/\\\/www.linkedin.com\\\/company\\\/famille-rouvinez\"]}]}<\/script>\n<!-- \/ Yoast SEO plugin. -->","yoast_head_json":{"title":"Die Dom\u00e4nen - Famille Rouvinez","description":"Insgesamt besitzt und kultiviert die Familie Rouvinez mit ihren verschiedenen H\u00e4usern \u00fcber 120 Hektaren der sch\u00f6nsten Weinberge im Wallis.","robots":{"index":"index","follow":"follow","max-snippet":"max-snippet:-1","max-image-preview":"max-image-preview:large","max-video-preview":"max-video-preview:-1"},"canonical":"https:\/\/famillerouvinez.com\/de\/nos-domaines\/","og_locale":"de_DE","og_type":"article","og_title":"Die Dom\u00e4nen - Famille Rouvinez","og_description":"Insgesamt besitzt und kultiviert die Familie Rouvinez mit ihren verschiedenen H\u00e4usern \u00fcber 120 Hektaren der sch\u00f6nsten Weinberge im Wallis.","og_url":"https:\/\/famillerouvinez.com\/de\/nos-domaines\/","og_site_name":"Famille Rouvinez","article_publisher":"https:\/\/www.facebook.com\/LaFamilleRouvinez","article_modified_time":"2024-02-12T09:32:08+00:00","twitter_card":"summary_large_image","twitter_misc":{"Gesch\u00e4tzte Lesezeit":"5\u00a0Minuten"},"schema":{"@context":"https:\/\/schema.org","@graph":[{"@type":"WebPage","@id":"https:\/\/famillerouvinez.com\/de\/nos-domaines\/","url":"https:\/\/famillerouvinez.com\/de\/nos-domaines\/","name":"Die Dom\u00e4nen - Famille Rouvinez","isPartOf":{"@id":"https:\/\/famillerouvinez.com\/de\/#website"},"datePublished":"2021-09-24T08:42:27+00:00","dateModified":"2024-02-12T09:32:08+00:00","description":"Insgesamt besitzt und kultiviert die Familie Rouvinez mit ihren verschiedenen H\u00e4usern \u00fcber 120 Hektaren der sch\u00f6nsten Weinberge im Wallis.","breadcrumb":{"@id":"https:\/\/famillerouvinez.com\/de\/nos-domaines\/#breadcrumb"},"inLanguage":"de","potentialAction":[{"@type":"ReadAction","target":["https:\/\/famillerouvinez.com\/de\/nos-domaines\/"]}]},{"@type":"BreadcrumbList","@id":"https:\/\/famillerouvinez.com\/de\/nos-domaines\/#breadcrumb","itemListElement":[{"@type":"ListItem","position":1,"name":"Accueil","item":"https:\/\/famillerouvinez.com\/de\/"},{"@type":"ListItem","position":2,"name":"Die Dom\u00e4nen"}]},{"@type":"WebSite","@id":"https:\/\/famillerouvinez.com\/de\/#website","url":"https:\/\/famillerouvinez.com\/de\/","name":"Famille Rouvinez","description":"Maisons et vignobles valaisans d&#039;exception","publisher":{"@id":"https:\/\/famillerouvinez.com\/de\/#organization"},"potentialAction":[{"@type":"SearchAction","target":{"@type":"EntryPoint","urlTemplate":"https:\/\/famillerouvinez.com\/de\/?s={search_term_string}"},"query-input":{"@type":"PropertyValueSpecification","valueRequired":true,"valueName":"search_term_string"}}],"inLanguage":"de"},{"@type":"Organization","@id":"https:\/\/famillerouvinez.com\/de\/#organization","name":"Famille Rouvinez","url":"https:\/\/famillerouvinez.com\/de\/","logo":{"@type":"ImageObject","inLanguage":"de","@id":"https:\/\/famillerouvinez.com\/de\/#\/schema\/logo\/image\/","url":"https:\/\/famillerouvinez.com\/wp-content\/uploads\/2021\/07\/famille-rouvinez-logo.svg","contentUrl":"https:\/\/famillerouvinez.com\/wp-content\/uploads\/2021\/07\/famille-rouvinez-logo.svg","width":300,"height":100,"caption":"Famille Rouvinez"},"image":{"@id":"https:\/\/famillerouvinez.com\/de\/#\/schema\/logo\/image\/"},"sameAs":["https:\/\/www.facebook.com\/LaFamilleRouvinez","https:\/\/www.instagram.com\/famille.rouvinez\/","https:\/\/www.linkedin.com\/company\/famille-rouvinez"]}]}},"_links":{"self":[{"href":"https:\/\/famillerouvinez.com\/de\/wp-json\/wp\/v2\/pages\/1556","targetHints":{"allow":["GET"]}}],"collection":[{"href":"https:\/\/famillerouvinez.com\/de\/wp-json\/wp\/v2\/pages"}],"about":[{"href":"https:\/\/famillerouvinez.com\/de\/wp-json\/wp\/v2\/types\/page"}],"author":[{"embeddable":true,"href":"https:\/\/famillerouvinez.com\/de\/wp-json\/wp\/v2\/users\/3"}],"replies":[{"embeddable":true,"href":"https:\/\/famillerouvinez.com\/de\/wp-json\/wp\/v2\/comments?post=1556"}],"version-history":[{"count":5,"href":"https:\/\/famillerouvinez.com\/de\/wp-json\/wp\/v2\/pages\/1556\/revisions"}],"predecessor-version":[{"id":7174,"href":"https:\/\/famillerouvinez.com\/de\/wp-json\/wp\/v2\/pages\/1556\/revisions\/7174"}],"wp:attachment":[{"href":"https:\/\/famillerouvinez.com\/de\/wp-json\/wp\/v2\/media?parent=1556"}],"curies":[{"name":"wp","href":"https:\/\/api.w.org\/{rel}","templated":true}]}}