{"id":5155,"date":"2021-11-02T15:52:12","date_gmt":"2021-11-02T14:52:12","guid":{"rendered":"https:\/\/famille-rouvinez.ch\/newsletter\/"},"modified":"2024-07-22T11:12:43","modified_gmt":"2024-07-22T09:12:43","slug":"newsletter","status":"publish","type":"page","link":"https:\/\/famillerouvinez.com\/de\/newsletter\/","title":{"rendered":"Newsletter"},"content":{"rendered":"<p>[et_pb_section fb_built=&#8220;1&#8243; fullwidth=&#8220;on&#8220; _builder_version=&#8220;4.16&#8243; _module_preset=&#8220;default&#8220; custom_padding=&#8220;||||true|false&#8220; global_colors_info=&#8220;{}&#8220;][et_pb_fullwidth_slider show_pagination=&#8220;off&#8220; _builder_version=&#8220;4.16&#8243; _module_preset=&#8220;default&#8220; custom_padding=&#8220;20vw||20vw||true|false&#8220; custom_padding_tablet=&#8220;40vw||40vw||true|false&#8220; custom_padding_phone=&#8220;&#8220; custom_padding_last_edited=&#8220;on|phone&#8220; auto=&#8220;on&#8220; global_colors_info=&#8220;{}&#8220; header_2_line_height_last_edited=&#8220;on|phone&#8220;][et_pb_slide _builder_version=&#8220;4.16&#8243; _module_preset=&#8220;default&#8220; header_font=&#8220;helveticaNeueBold|||on|||||&#8220; header_text_align=&#8220;center&#8220; header_font_size=&#8220;50px&#8220; header_letter_spacing=&#8220;20px&#8220; header_line_height=&#8220;1.2em&#8220; background_image=&#8220;https:\/\/famillerouvinez.com\/wp-content\/uploads\/2021\/11\/img-newsletter.jpg&#8220; background_enable_image=&#8220;on&#8220; header_font_size_tablet=&#8220;40px&#8220; header_font_size_phone=&#8220;32px&#8220; header_font_size_last_edited=&#8220;on|phone&#8220; header_letter_spacing_tablet=&#8220;15px&#8220; header_letter_spacing_phone=&#8220;11px&#8220; header_letter_spacing_last_edited=&#8220;on|desktop&#8220; global_colors_info=&#8220;{}&#8220; sticky_transition=&#8220;on&#8220;][\/et_pb_slide][\/et_pb_fullwidth_slider][\/et_pb_section][et_pb_section fb_built=&#8220;1&#8243; _builder_version=&#8220;4.16&#8243; _module_preset=&#8220;default&#8220; custom_padding=&#8220;0px||0px||false|false&#8220; global_colors_info=&#8220;{}&#8220;][et_pb_row _builder_version=&#8220;4.16&#8243; _module_preset=&#8220;default&#8220; position_origin_a=&#8220;top_center&#8220; custom_margin=&#8220;||||false|false&#8220; custom_margin_tablet=&#8220;&#8220; custom_margin_phone=&#8220;&#8220; custom_margin_last_edited=&#8220;on|desktop&#8220; custom_padding=&#8220;0px||0px||false|false&#8220; global_colors_info=&#8220;{}&#8220;][et_pb_column type=&#8220;4_4&#8243; _builder_version=&#8220;4.16&#8243; _module_preset=&#8220;default&#8220; global_colors_info=&#8220;{}&#8220;][et_pb_text _builder_version=&#8220;4.16&#8243; _module_preset=&#8220;default&#8220; text_font=&#8220;||||||||&#8220; text_text_color=&#8220;#FFFFFF&#8220; header_2_font=&#8220;helveticaNeueBold|||on|||||&#8220; header_3_font=&#8220;HelveticaNeue|800|||||||&#8220; header_3_text_color=&#8220;#FFFFFF&#8220; background_enable_color=&#8220;off&#8220; positioning=&#8220;absolute&#8220; position_origin_a=&#8220;top_center&#8220; vertical_offset=&#8220;-22vw&#8220; vertical_offset_tablet=&#8220;-45vw&#8220; vertical_offset_phone=&#8220;-48vw&#8220; vertical_offset_last_edited=&#8220;on|phone&#8220; position_origin_a_tablet=&#8220;&#8220; position_origin_a_phone=&#8220;&#8220; position_origin_a_last_edited=&#8220;on|tablet&#8220; position_origin_f_tablet=&#8220;&#8220; position_origin_f_phone=&#8220;&#8220; position_origin_f_last_edited=&#8220;on|tablet&#8220; position_origin_r_tablet=&#8220;&#8220; position_origin_r_phone=&#8220;&#8220; position_origin_r_last_edited=&#8220;on|tablet&#8220; text_orientation=&#8220;center&#8220; width=&#8220;100%&#8220; custom_margin=&#8220;||1px||false|false&#8220; custom_padding=&#8220;5px||5px||true|false&#8220; animation_style=&#8220;slide&#8220; animation_direction=&#8220;top&#8220; animation_duration=&#8220;500ms&#8220; header_2_font_size_phone=&#8220;32px&#8220; header_2_letter_spacing_phone=&#8220;8px&#8220; header_2_line_height_tablet=&#8220;&#8220; header_2_line_height_phone=&#8220;&#8220; header_2_line_height_last_edited=&#8220;on|phone&#8220; positioning_tablet=&#8220;&#8220; positioning_phone=&#8220;&#8220; positioning_last_edited=&#8220;on|tablet&#8220; global_colors_info=&#8220;{}&#8220;]<\/p>\n<h2>newsletter<\/h2>\n<p>[\/et_pb_text][et_pb_image src=&#8220;https:\/\/famillerouvinez.com\/wp-content\/uploads\/2021\/08\/arrowDown.png&#8220; title_text=&#8220;arrowDown&#8220; url=&#8220;#histoire&#8220; align=&#8220;center&#8220; disabled_on=&#8220;on|on|off&#8220; admin_label=&#8220;fl\u00e8che desktop&#8220; module_id=&#8220;arrowdown&#8220; _builder_version=&#8220;4.16&#8243; _module_preset=&#8220;default&#8220; positioning=&#8220;absolute&#8220; vertical_offset=&#8220;-4vw&#8220; width=&#8220;100%&#8220; global_colors_info=&#8220;{}&#8220;][\/et_pb_image][\/et_pb_column][\/et_pb_row][\/et_pb_section][et_pb_section fb_built=&#8220;1&#8243; disabled_on=&#8220;off|off|off&#8220; module_id=&#8220;histoire&#8220; _builder_version=&#8220;4.16&#8243; _module_preset=&#8220;default&#8220; custom_padding=&#8220;0px||||false|false&#8220; global_colors_info=&#8220;{}&#8220;][et_pb_row use_custom_gutter=&#8220;on&#8220; custom_padding_last_edited=&#8220;on|phone&#8220; _builder_version=&#8220;4.16&#8243; _module_preset=&#8220;default&#8220; background_enable_image=&#8220;off&#8220; background_size=&#8220;initial&#8220; background_position=&#8220;top_left&#8220; width_tablet=&#8220;&#8220; width_phone=&#8220;100%&#8220; width_last_edited=&#8220;on|phone&#8220; max_width=&#8220;1500px&#8220; custom_margin=&#8220;6px|auto||auto|false|false&#8220; custom_padding=&#8220;||0px||false|false&#8220; custom_padding_tablet=&#8220;&#8220; custom_padding_phone=&#8220;|30px||30px|false|false&#8220; global_colors_info=&#8220;{}&#8220;][et_pb_column type=&#8220;4_4&#8243; _builder_version=&#8220;4.16&#8243; _module_preset=&#8220;default&#8220; background_image=&#8220;https:\/\/famillerouvinez.com\/wp-content\/uploads\/2021\/09\/background-titre-V2.jpg&#8220; global_colors_info=&#8220;{}&#8220;][et_pb_text _builder_version=&#8220;4.16&#8243; _module_preset=&#8220;default&#8220; header_2_font=&#8220;HelveticaNeue|||on|||||&#8220; header_3_font=&#8220;helveticaNeue|800|||||||&#8220; header_3_text_color=&#8220;#4f4f4f&#8220; header_3_font_size=&#8220;53px&#8220; header_3_letter_spacing=&#8220;6px&#8220; header_3_line_height=&#8220;1.4em&#8220; background_color=&#8220;#ffffff&#8220; custom_margin=&#8220;||-10px|-1%|false|false&#8220; custom_margin_tablet=&#8220;&#8220; custom_margin_phone=&#8220;||||false|false&#8220; custom_margin_last_edited=&#8220;on|phone&#8220; custom_padding=&#8220;||||false|false&#8220; mix_blend_mode=&#8220;screen&#8220; header_3_font_size_tablet=&#8220;42px&#8220; header_3_font_size_phone=&#8220;36px&#8220; header_3_font_size_last_edited=&#8220;on|phone&#8220; global_colors_info=&#8220;{}&#8220;]<\/p>\n<h3>NEWSLETTER ABONNIEREN<\/h3>\n<p>[\/et_pb_text][\/et_pb_column][\/et_pb_row][et_pb_row use_custom_gutter=&#8220;on&#8220; custom_padding_last_edited=&#8220;on|phone&#8220; _builder_version=&#8220;4.16&#8243; _module_preset=&#8220;default&#8220; background_enable_image=&#8220;off&#8220; background_size=&#8220;initial&#8220; background_position=&#8220;top_left&#8220; width_tablet=&#8220;&#8220; width_phone=&#8220;100%&#8220; width_last_edited=&#8220;on|phone&#8220; max_width=&#8220;1500px&#8220; custom_padding=&#8220;||0px||false|false&#8220; custom_padding_tablet=&#8220;&#8220; custom_padding_phone=&#8220;|30px||30px|false|false&#8220; global_colors_info=&#8220;{}&#8220;][et_pb_column type=&#8220;4_4&#8243; _builder_version=&#8220;4.16&#8243; _module_preset=&#8220;default&#8220; global_colors_info=&#8220;{}&#8220;][et_pb_text module_class=&#8220;puce&#8220; _builder_version=&#8220;4.25.2&#8243; _module_preset=&#8220;default&#8220; header_2_font=&#8220;HelveticaNeue|||on|||||&#8220; header_3_font=&#8220;helveticaNeue|900|||||||&#8220; header_3_text_color=&#8220;rgba(33,33,33,0.64)&#8220; header_3_font_size=&#8220;53px&#8220; header_3_letter_spacing=&#8220;7px&#8220; header_3_line_height=&#8220;1.4em&#8220; background_color=&#8220;#ffffff&#8220; custom_margin=&#8220;||-6px|||&#8220; custom_margin_tablet=&#8220;|||1.7%|false|false&#8220; custom_margin_phone=&#8220;|||14.9%|false|false&#8220; custom_margin_last_edited=&#8220;on|phone&#8220; custom_padding=&#8220;||||false|false&#8220; mix_blend_mode=&#8220;screen&#8220; header_3_font_size_tablet=&#8220;42px&#8220; header_3_font_size_phone=&#8220;36px&#8220; header_3_font_size_last_edited=&#8220;on|phone&#8220; global_colors_info=&#8220;{}&#8220;]<\/p>\n<p>Abonnieren Sie unseren Newsletter, um \u00fcber Neuigkeiten, Sonderangebote, Rezepte und Weinnachrichten auf dem Laufenden zu bleiben.<br \/>\nWenn Sie den Newsletter abbestellen m\u00f6chten, k\u00f6nnen Sie ihn jederzeit abbestellen.<\/p>\n<p>Wir freuen uns, Sie bei uns begr\u00fc\u00dfen zu d\u00fcrfen!<\/p>\n<p>[\/et_pb_text][\/et_pb_column][\/et_pb_row][et_pb_row _builder_version=&#8220;4.25.2&#8243; _module_preset=&#8220;default&#8220; custom_margin=&#8220;|||-178px|false|false&#8220; custom_margin_tablet=&#8220;|||28px|false|false&#8220; custom_margin_phone=&#8220;|||44px|false|false&#8220; custom_margin_last_edited=&#8220;on|phone&#8220; custom_padding=&#8220;0px|||||&#8220; global_colors_info=&#8220;{}&#8220;][et_pb_column type=&#8220;4_4&#8243; _builder_version=&#8220;4.25.2&#8243; _module_preset=&#8220;default&#8220; global_colors_info=&#8220;{}&#8220;][et_pb_code _builder_version=&#8220;4.25.2&#8243; _module_preset=&#8220;default&#8220; global_colors_info=&#8220;{}&#8220;]<pee><iframe loading=\"lazy\" style=\"display: block; margin-left: auto; margin-right: auto; width: 100%; height: 600px; max-width: 540px;\" src=\"https:\/\/39dea145.sibforms.com\/serve\/MUIFACxRteT91PAGIeLedqRjP9KezcgnMB2yzoorL23ub9twh-wKEcAYNA6jjFfPoCS-njVWGcdKTJjDD0FVrN0v2IURGzWiIzBjdYQsRbL3C4UFw6LrG9aShvPtP2n_J0ETqn7GJwm7KR42bmxayK1cekvTtYWRCv0dSk_ARmwxGWIcHFQutHKsRyVgwdDMdQJe9qr_K8MiyNzr\" width=\"100%\" height=\"100%\" frameborder=\"0\" scrolling=\"auto\" allowfullscreen=\"allowfullscreen\"><\/iframe><\/pee>\n<!-- [et_pb_line_break_holder] -->[\/et_pb_code][\/et_pb_column][\/et_pb_row][\/et_pb_section]<\/p>\n","protected":false},"excerpt":{"rendered":"<p>newsletterNEWSLETTER ABONNIERENAbonnieren Sie unseren Newsletter, um \u00fcber Neuigkeiten, Sonderangebote, Rezepte und Weinnachrichten auf dem Laufenden zu bleiben. Wenn Sie den Newsletter abbestellen m\u00f6chten, k\u00f6nnen Sie ihn jederzeit abbestellen. Wir freuen uns, Sie bei uns begr\u00fc\u00dfen zu d\u00fcrfen!<\/p>\n","protected":false},"author":2,"featured_media":0,"parent":0,"menu_order":0,"comment_status":"closed","ping_status":"closed","template":"","meta":{"_et_pb_use_builder":"on","_et_pb_old_content":"","_et_gb_content_width":"","inline_featured_image":false,"_monsterinsights_skip_tracking":false,"_monsterinsights_sitenote_active":false,"_monsterinsights_sitenote_note":"","_monsterinsights_sitenote_category":0,"_uf_show_specific_survey":0,"_uf_disable_surveys":false,"footnotes":""},"class_list":["post-5155","page","type-page","status-publish","hentry"],"yoast_head":"<!-- This site is optimized with the Yoast SEO plugin v27.3 - https:\/\/yoast.com\/product\/yoast-seo-wordpress\/ -->\n<title>Newsletter - Famille Rouvinez<\/title>\n<meta name=\"description\" content=\"Abonnieren Sie unseren Newsletter, um \u00fcber unsere Neuigkeiten, Aktionen, Rezepte und Wein-News auf dem Laufenden zu bleiben.\" \/>\n<meta name=\"robots\" content=\"index, follow, max-snippet:-1, max-image-preview:large, max-video-preview:-1\" \/>\n<link rel=\"canonical\" href=\"https:\/\/famillerouvinez.com\/de\/newsletter\/\" \/>\n<meta property=\"og:locale\" content=\"de_DE\" \/>\n<meta property=\"og:type\" content=\"article\" \/>\n<meta property=\"og:title\" content=\"Newsletter - Famille Rouvinez\" \/>\n<meta property=\"og:description\" content=\"Abonnieren Sie unseren Newsletter, um \u00fcber unsere Neuigkeiten, Aktionen, Rezepte und Wein-News auf dem Laufenden zu bleiben.\" \/>\n<meta property=\"og:url\" content=\"https:\/\/famillerouvinez.com\/de\/newsletter\/\" \/>\n<meta property=\"og:site_name\" content=\"Famille Rouvinez\" \/>\n<meta property=\"article:publisher\" content=\"https:\/\/www.facebook.com\/LaFamilleRouvinez\" \/>\n<meta property=\"article:modified_time\" content=\"2024-07-22T09:12:43+00:00\" \/>\n<meta name=\"twitter:card\" content=\"summary_large_image\" \/>\n<meta name=\"twitter:label1\" content=\"Gesch\u00e4tzte Lesezeit\" \/>\n\t<meta name=\"twitter:data1\" content=\"2\u00a0Minuten\" \/>\n<script type=\"application\/ld+json\" class=\"yoast-schema-graph\">{\"@context\":\"https:\\\/\\\/schema.org\",\"@graph\":[{\"@type\":\"WebPage\",\"@id\":\"https:\\\/\\\/famillerouvinez.com\\\/de\\\/newsletter\\\/\",\"url\":\"https:\\\/\\\/famillerouvinez.com\\\/de\\\/newsletter\\\/\",\"name\":\"Newsletter - Famille Rouvinez\",\"isPartOf\":{\"@id\":\"https:\\\/\\\/famillerouvinez.com\\\/de\\\/#website\"},\"datePublished\":\"2021-11-02T14:52:12+00:00\",\"dateModified\":\"2024-07-22T09:12:43+00:00\",\"description\":\"Abonnieren Sie unseren Newsletter, um \u00fcber unsere Neuigkeiten, Aktionen, Rezepte und Wein-News auf dem Laufenden zu bleiben.\",\"breadcrumb\":{\"@id\":\"https:\\\/\\\/famillerouvinez.com\\\/de\\\/newsletter\\\/#breadcrumb\"},\"inLanguage\":\"de\",\"potentialAction\":[{\"@type\":\"ReadAction\",\"target\":[\"https:\\\/\\\/famillerouvinez.com\\\/de\\\/newsletter\\\/\"]}]},{\"@type\":\"BreadcrumbList\",\"@id\":\"https:\\\/\\\/famillerouvinez.com\\\/de\\\/newsletter\\\/#breadcrumb\",\"itemListElement\":[{\"@type\":\"ListItem\",\"position\":1,\"name\":\"Accueil\",\"item\":\"https:\\\/\\\/famillerouvinez.com\\\/de\\\/\"},{\"@type\":\"ListItem\",\"position\":2,\"name\":\"Newsletter\"}]},{\"@type\":\"WebSite\",\"@id\":\"https:\\\/\\\/famillerouvinez.com\\\/de\\\/#website\",\"url\":\"https:\\\/\\\/famillerouvinez.com\\\/de\\\/\",\"name\":\"Famille Rouvinez\",\"description\":\"Maisons et vignobles valaisans d&#039;exception\",\"publisher\":{\"@id\":\"https:\\\/\\\/famillerouvinez.com\\\/de\\\/#organization\"},\"potentialAction\":[{\"@type\":\"SearchAction\",\"target\":{\"@type\":\"EntryPoint\",\"urlTemplate\":\"https:\\\/\\\/famillerouvinez.com\\\/de\\\/?s={search_term_string}\"},\"query-input\":{\"@type\":\"PropertyValueSpecification\",\"valueRequired\":true,\"valueName\":\"search_term_string\"}}],\"inLanguage\":\"de\"},{\"@type\":\"Organization\",\"@id\":\"https:\\\/\\\/famillerouvinez.com\\\/de\\\/#organization\",\"name\":\"Famille Rouvinez\",\"url\":\"https:\\\/\\\/famillerouvinez.com\\\/de\\\/\",\"logo\":{\"@type\":\"ImageObject\",\"inLanguage\":\"de\",\"@id\":\"https:\\\/\\\/famillerouvinez.com\\\/de\\\/#\\\/schema\\\/logo\\\/image\\\/\",\"url\":\"https:\\\/\\\/famillerouvinez.com\\\/wp-content\\\/uploads\\\/2021\\\/07\\\/famille-rouvinez-logo.svg\",\"contentUrl\":\"https:\\\/\\\/famillerouvinez.com\\\/wp-content\\\/uploads\\\/2021\\\/07\\\/famille-rouvinez-logo.svg\",\"width\":300,\"height\":100,\"caption\":\"Famille Rouvinez\"},\"image\":{\"@id\":\"https:\\\/\\\/famillerouvinez.com\\\/de\\\/#\\\/schema\\\/logo\\\/image\\\/\"},\"sameAs\":[\"https:\\\/\\\/www.facebook.com\\\/LaFamilleRouvinez\",\"https:\\\/\\\/www.instagram.com\\\/famille.rouvinez\\\/\",\"https:\\\/\\\/www.linkedin.com\\\/company\\\/famille-rouvinez\"]}]}<\/script>\n<!-- \/ Yoast SEO plugin. -->","yoast_head_json":{"title":"Newsletter - Famille Rouvinez","description":"Abonnieren Sie unseren Newsletter, um \u00fcber unsere Neuigkeiten, Aktionen, Rezepte und Wein-News auf dem Laufenden zu bleiben.","robots":{"index":"index","follow":"follow","max-snippet":"max-snippet:-1","max-image-preview":"max-image-preview:large","max-video-preview":"max-video-preview:-1"},"canonical":"https:\/\/famillerouvinez.com\/de\/newsletter\/","og_locale":"de_DE","og_type":"article","og_title":"Newsletter - Famille Rouvinez","og_description":"Abonnieren Sie unseren Newsletter, um \u00fcber unsere Neuigkeiten, Aktionen, Rezepte und Wein-News auf dem Laufenden zu bleiben.","og_url":"https:\/\/famillerouvinez.com\/de\/newsletter\/","og_site_name":"Famille Rouvinez","article_publisher":"https:\/\/www.facebook.com\/LaFamilleRouvinez","article_modified_time":"2024-07-22T09:12:43+00:00","twitter_card":"summary_large_image","twitter_misc":{"Gesch\u00e4tzte Lesezeit":"2\u00a0Minuten"},"schema":{"@context":"https:\/\/schema.org","@graph":[{"@type":"WebPage","@id":"https:\/\/famillerouvinez.com\/de\/newsletter\/","url":"https:\/\/famillerouvinez.com\/de\/newsletter\/","name":"Newsletter - Famille Rouvinez","isPartOf":{"@id":"https:\/\/famillerouvinez.com\/de\/#website"},"datePublished":"2021-11-02T14:52:12+00:00","dateModified":"2024-07-22T09:12:43+00:00","description":"Abonnieren Sie unseren Newsletter, um \u00fcber unsere Neuigkeiten, Aktionen, Rezepte und Wein-News auf dem Laufenden zu bleiben.","breadcrumb":{"@id":"https:\/\/famillerouvinez.com\/de\/newsletter\/#breadcrumb"},"inLanguage":"de","potentialAction":[{"@type":"ReadAction","target":["https:\/\/famillerouvinez.com\/de\/newsletter\/"]}]},{"@type":"BreadcrumbList","@id":"https:\/\/famillerouvinez.com\/de\/newsletter\/#breadcrumb","itemListElement":[{"@type":"ListItem","position":1,"name":"Accueil","item":"https:\/\/famillerouvinez.com\/de\/"},{"@type":"ListItem","position":2,"name":"Newsletter"}]},{"@type":"WebSite","@id":"https:\/\/famillerouvinez.com\/de\/#website","url":"https:\/\/famillerouvinez.com\/de\/","name":"Famille Rouvinez","description":"Maisons et vignobles valaisans d&#039;exception","publisher":{"@id":"https:\/\/famillerouvinez.com\/de\/#organization"},"potentialAction":[{"@type":"SearchAction","target":{"@type":"EntryPoint","urlTemplate":"https:\/\/famillerouvinez.com\/de\/?s={search_term_string}"},"query-input":{"@type":"PropertyValueSpecification","valueRequired":true,"valueName":"search_term_string"}}],"inLanguage":"de"},{"@type":"Organization","@id":"https:\/\/famillerouvinez.com\/de\/#organization","name":"Famille Rouvinez","url":"https:\/\/famillerouvinez.com\/de\/","logo":{"@type":"ImageObject","inLanguage":"de","@id":"https:\/\/famillerouvinez.com\/de\/#\/schema\/logo\/image\/","url":"https:\/\/famillerouvinez.com\/wp-content\/uploads\/2021\/07\/famille-rouvinez-logo.svg","contentUrl":"https:\/\/famillerouvinez.com\/wp-content\/uploads\/2021\/07\/famille-rouvinez-logo.svg","width":300,"height":100,"caption":"Famille Rouvinez"},"image":{"@id":"https:\/\/famillerouvinez.com\/de\/#\/schema\/logo\/image\/"},"sameAs":["https:\/\/www.facebook.com\/LaFamilleRouvinez","https:\/\/www.instagram.com\/famille.rouvinez\/","https:\/\/www.linkedin.com\/company\/famille-rouvinez"]}]}},"_links":{"self":[{"href":"https:\/\/famillerouvinez.com\/de\/wp-json\/wp\/v2\/pages\/5155","targetHints":{"allow":["GET"]}}],"collection":[{"href":"https:\/\/famillerouvinez.com\/de\/wp-json\/wp\/v2\/pages"}],"about":[{"href":"https:\/\/famillerouvinez.com\/de\/wp-json\/wp\/v2\/types\/page"}],"author":[{"embeddable":true,"href":"https:\/\/famillerouvinez.com\/de\/wp-json\/wp\/v2\/users\/2"}],"replies":[{"embeddable":true,"href":"https:\/\/famillerouvinez.com\/de\/wp-json\/wp\/v2\/comments?post=5155"}],"version-history":[{"count":5,"href":"https:\/\/famillerouvinez.com\/de\/wp-json\/wp\/v2\/pages\/5155\/revisions"}],"predecessor-version":[{"id":7523,"href":"https:\/\/famillerouvinez.com\/de\/wp-json\/wp\/v2\/pages\/5155\/revisions\/7523"}],"wp:attachment":[{"href":"https:\/\/famillerouvinez.com\/de\/wp-json\/wp\/v2\/media?parent=5155"}],"curies":[{"name":"wp","href":"https:\/\/api.w.org\/{rel}","templated":true}]}}